{"id":4789,"date":"2026-01-19T16:27:35","date_gmt":"2026-01-19T15:27:35","guid":{"rendered":"http:\/\/doctorwatsonsenglish.com\/?page_id=4789"},"modified":"2026-02-14T11:52:53","modified_gmt":"2026-02-14T10:52:53","slug":"workshops-and-events","status":"publish","type":"page","link":"https:\/\/doctorwatsonsenglish.com\/es\/workshops-and-events\/","title":{"rendered":"Workshops and Events"},"content":{"rendered":"<section class=\"wpb-content-wrapper\"><div class=\"vc-row-container vc-row-container--stretch-content-no-spaces\"><div data-vc-full-width=\"true\" data-vc-full-width-init=\"false\" data-vc-stretch-content=\"true\" class=\"vc_row wpb_row vc_row-fluid vc_row-no-padding vc_row-o-content-middle vc_row-flex\"><div class=\"wpb_column vc_column_container vc_col-sm-12\"><div class=\"vc_column-inner\"><div class=\"wpb_wrapper\"><div class=\"vc_empty_space\"   style=\"height: 35px\"><span class=\"vc_empty_space_inner\"><\/span><\/div>\n\t<div  class=\"wpb_single_image wpb_content_element vc_align_center\">\n\t\t\n\t\t<figure class=\"wpb_wrapper vc_figure\">\n\t\t\t<div class=\"vc_single_image-wrapper   vc_box_border_grey\"><img loading=\"lazy\" decoding=\"async\" width=\"1920\" height=\"539\" src=\"https:\/\/doctorwatsonsenglish.com\/wp-content\/uploads\/2026\/02\/taller_header_mini.png\" class=\"vc_single_image-img attachment-full\" alt=\"workshops and events\" title=\"workshop_mini_header\" srcset=\"https:\/\/doctorwatsonsenglish.com\/wp-content\/uploads\/2026\/02\/taller_header_mini.png 1920w, https:\/\/doctorwatsonsenglish.com\/wp-content\/uploads\/2026\/02\/taller_header_mini-300x84.png 300w, https:\/\/doctorwatsonsenglish.com\/wp-content\/uploads\/2026\/02\/taller_header_mini-1024x287.png 1024w, https:\/\/doctorwatsonsenglish.com\/wp-content\/uploads\/2026\/02\/taller_header_mini-768x216.png 768w, https:\/\/doctorwatsonsenglish.com\/wp-content\/uploads\/2026\/02\/taller_header_mini-1536x431.png 1536w, https:\/\/doctorwatsonsenglish.com\/wp-content\/uploads\/2026\/02\/taller_header_mini-18x5.png 18w, https:\/\/doctorwatsonsenglish.com\/wp-content\/uploads\/2026\/02\/taller_header_mini-1612x453.png 1612w, https:\/\/doctorwatsonsenglish.com\/wp-content\/uploads\/2026\/02\/taller_header_mini-1116x313.png 1116w, https:\/\/doctorwatsonsenglish.com\/wp-content\/uploads\/2026\/02\/taller_header_mini-806x226.png 806w, https:\/\/doctorwatsonsenglish.com\/wp-content\/uploads\/2026\/02\/taller_header_mini-558x157.png 558w, https:\/\/doctorwatsonsenglish.com\/wp-content\/uploads\/2026\/02\/taller_header_mini-655x184.png 655w\" sizes=\"auto, (max-width: 1920px) 100vw, 1920px\" \/><\/div>\n\t\t<\/figure>\n\t<\/div>\n<\/div><\/div><\/div><\/div><div class=\"vc_row-full-width vc_clearfix\"><\/div><\/div><div class=\"vc-row-container container\"><div class=\"vc_row wpb_row vc_row-fluid\"><div class=\"wpb_column vc_column_container vc_col-sm-6\"><div class=\"vc_column-inner\"><div class=\"wpb_wrapper\">\n\t<div class=\"wpb_text_column wpb_content_element  post-formatting\" >\n\t\t<div class=\"wpb_wrapper\">\n\t\t\t<div class=\"vc-row-container container\"><div class=\"vc_row wpb_row vc_row-fluid\"><\/div><\/div><div class=\"wpb_column vc_column_container vc_col-sm-12\"><div class=\"vc_column-inner\"><div class=\"wpb_wrapper\"><\/div><\/div><\/div>\n\t<div class=\"wpb_text_column wpb_content_element  post-formatting\" >\n\t\t<div class=\"wpb_wrapper\">\n\t\t\t\n\t\t<\/div>\n\t<\/div>\n<h4>SESIONES DE INGL\u00c9S EN GRUPO REDUCIDO, CON UN TOQUE DIFERENTE<\/h4>\n<p>Si te apetece practicar ingl\u00e9s de una forma m\u00e1s relajada y creativa, estos talleres especiales est\u00e1n dise\u00f1ados para ayudarte a hablar de manera natural, ganar confianza y disfrutar del proceso de aprendizaje.<\/p>\n<p>Son eventos puntuales y cursos cortos centrados en conversaci\u00f3n real, lenguaje pr\u00e1ctico y temas que de verdad interesan \u2014 desde la m\u00fasica y el significado, hasta la comunicaci\u00f3n calmada y la confianza en entrevistas.<\/p>\n<ul>\n<li>Grupos reducidos<\/li>\n<li>Gu\u00eda clara + correcci\u00f3n amable<\/li>\n<li>Vocabulario \u00fatil + frases naturales<\/li>\n<li>Ambiente cercano y de apoyo<\/li>\n<\/ul>\n<p>&nbsp;<\/p>\n<p style=\"margin-top: 25px; margin-bottom: 20px;\"><strong>PR\u00d3XIMOS TALLERES<\/strong><\/p>\n<p style=\"margin-bottom: 6px;\"><strong><span style=\"color: #f36c3d;\">Taller de Mindful English (Online) \u2013 28\/02\/26 \u2013 11:00 (hora de Madrid \/ CET)<\/span><\/strong><\/p>\n<p style=\"margin-bottom: 6px;\"><em>Una sesi\u00f3n tranquila, centrada en la conversaci\u00f3n, para estudiantes de nivel Intermedio+.<\/em><\/p>\n<p>Exploramos el mindfulness de forma sencilla y pr\u00e1ctica \u2014 y lo usamos como tema para hablar con m\u00e1s claridad y confianza en ingl\u00e9s.<\/p>\n<p><script async src=\"https:\/\/js.stripe.com\/v3\/buy-button.js\">\n<\/script> <strong>Qu\u00e9 haremos:<\/strong><\/p>\n<ul>\n<li>Conversaci\u00f3n guiada y temas para debatir<\/li>\n<li>Vocabulario natural + expresiones del d\u00eda a d\u00eda<\/li>\n<li>Correcciones suaves y feedback para mejorar al hablar<\/li>\n<li>Una breve pr\u00e1ctica guiada de mindfulness (opcional)<\/li>\n<\/ul>\n<p class=\"translation-block\"><strong>Nivel:<\/strong>  Intermedio+ (B1\u2013C1)\n<strong>Duraci\u00f3n:<\/strong>  60 minutos\n<strong>Tama\u00f1o del grupo:<\/strong>  Plazas limitadas<\/p>\n<p><strong>\ud83d\udc49Haz clic en el bot\u00f3n de al lado para inscribirte en la pr\u00f3xima sesi\u00f3n.<\/strong><\/p>\n<p>&nbsp;<\/p>\n<p style=\"margin-bottom: 6px;\"><strong><span style=\"color: #f36c3d;\">Ingl\u00e9s con Guitarra: Canciones, Significado &amp; Jam<\/span><\/strong><\/p>\n<p style=\"margin-bottom: 6px;\"><em>Trae tu guitarra y practica ingl\u00e9s a trav\u00e9s de la m\u00fasica.<\/em><\/p>\n<p>Analizamos juntos canciones conocidas \u2014 la letra, el significado, la historia detr\u00e1s del tema y c\u00f3mo tocarlo. Practicar\u00e1s speaking en ingl\u00e9s mientras aprendes algo musical y divertido.<\/p>\n<p><strong>Qu\u00e9 haremos:<\/strong><\/p>\n<ul>\n<li>Aprender 2\u20133 canciones (versiones sencillas)<\/li>\n<li>Hablar sobre el significado, la letra y el contexto<\/li>\n<li>Vocabulario musical \u00fatil + ayuda con pronunciaci\u00f3n<\/li>\n<li>Un final relajado para cantar \/ hacer una jam<\/li>\n<\/ul>\n<p class=\"translation-block\"><strong>Level:<\/strong> Intermediate+<br>\r\n<strong>Bring:<\/strong> Your guitar (and a capo if you have one)<\/p>\n<p><strong>\ud83d\udc49 Fechas pr\u00f3ximamente.<\/strong><\/p>\n<p>&nbsp;<\/p>\n<p style=\"margin-bottom: 6px;\"><strong><span style=\"color: #f36c3d;\">Confianza para Entrevistas (Ingl\u00e9s) \u2013 Sesi\u00f3n Intensiva<\/span><\/strong><\/p>\n<p style=\"margin-bottom: 6px;\"><em>Un taller pr\u00e1ctico para hablar con claridad y rendir mejor en entrevistas.<\/em><\/p>\n<p>Perfecto si est\u00e1s optando a puestos internacionales, prepar\u00e1ndote para entrevistas en ingl\u00e9s o quieres sonar m\u00e1s seguro\/a y profesional.<\/p>\n<p><strong>Qu\u00e9 haremos:<\/strong><\/p>\n<ul>\n<li>Preguntas t\u00edpicas de entrevista + respuestas s\u00f3lidas<\/li>\n<li>Frases y estructuras \u00fatiles<\/li>\n<li>Pr\u00e1ctica oral en directo<\/li>\n<li>Feedback + mejoras claras para el siguiente paso<\/li>\n<\/ul>\n<p><strong>\ud83d\udc49 Pr\u00f3ximamente.<\/strong><\/p>\n<p style=\"margin-top: 28px;\"><strong>\u00bfQuieres ser el primero en enterarte de nuevos talleres?<\/strong><\/p>\n<p>Si quieres acceso anticipado a las pr\u00f3ximas sesiones, env\u00edame un mensaje r\u00e1pido y te a\u00f1adir\u00e9 a la lista.<\/p>\n<p>\ud83d\udce9 <strong>Contact me:<\/strong> <a href=\"\/es\/contact\/\">Contact page<\/a><br \/>\nOr email: <a href=\"mailto:chris@doctorwatsonsenglish.com\">chris@doctorwatsonsenglish.com<\/a><\/p>\n\n\t\t<\/div>\n\t<\/div>\n<\/div><\/div><\/div><div class=\"wpb_column vc_column_container vc_col-sm-6\"><div class=\"vc_column-inner\"><div class=\"wpb_wrapper\">\n\t<div  class=\"wpb_single_image wpb_content_element vc_align_left\">\n\t\t\n\t\t<figure class=\"wpb_wrapper vc_figure\">\n\t\t\t<div class=\"vc_single_image-wrapper   vc_box_border_grey\"><img loading=\"lazy\" decoding=\"async\" width=\"1024\" height=\"1536\" src=\"https:\/\/doctorwatsonsenglish.com\/wp-content\/uploads\/2026\/02\/mindful1402.jpg\" class=\"vc_single_image-img attachment-full\" alt=\"14\/02\/26 Mindful workshop\" title=\"mindful1402\" srcset=\"https:\/\/doctorwatsonsenglish.com\/wp-content\/uploads\/2026\/02\/mindful1402.jpg 1024w, https:\/\/doctorwatsonsenglish.com\/wp-content\/uploads\/2026\/02\/mindful1402-200x300.jpg 200w, https:\/\/doctorwatsonsenglish.com\/wp-content\/uploads\/2026\/02\/mindful1402-683x1024.jpg 683w, https:\/\/doctorwatsonsenglish.com\/wp-content\/uploads\/2026\/02\/mindful1402-768x1152.jpg 768w, https:\/\/doctorwatsonsenglish.com\/wp-content\/uploads\/2026\/02\/mindful1402-8x12.jpg 8w, https:\/\/doctorwatsonsenglish.com\/wp-content\/uploads\/2026\/02\/mindful1402-806x1209.jpg 806w, https:\/\/doctorwatsonsenglish.com\/wp-content\/uploads\/2026\/02\/mindful1402-558x837.jpg 558w, https:\/\/doctorwatsonsenglish.com\/wp-content\/uploads\/2026\/02\/mindful1402-655x983.jpg 655w\" sizes=\"auto, (max-width: 1024px) 100vw, 1024px\" \/><\/div>\n\t\t<\/figure>\n\t<\/div>\n\n\t<div class=\"wpb_raw_code wpb_content_element wpb_raw_html\" >\n\t\t<div class=\"wpb_wrapper\">\n\t\t\t<div style=\"text-align: center; margin: 30px 0 40px 0;\">\n  <script async src=\"https:\/\/js.stripe.com\/v3\/buy-button.js\"><\/script>\n\n  <stripe-buy-button\n    buy-button-id=\"buy_btn_1Suv6uJ2djc3sc7MuWcxvduc\"\n    publishable-key=\"pk_live_51StphOJ2djc3sc7MZKUHe7kF4NMMQIG7TQsbY1OQwGu8HSO1tpF6KTaHh1uJe8WZgpEaihIlugDDKuFnIK5sQtFy00SMC2pzED\">\n  <\/stripe-buy-button>\n<\/div>\n\n\t\t<\/div>\n\t<\/div>\n<\/div><\/div><\/div><\/div><\/div>\n<\/section>","protected":false},"excerpt":{"rendered":"SMALL-GROUP ENGLISH SESSIONS WITH A TWIST If you\u2019d like to practise English in a more relaxed, creative way, these special workshops are designed to help you speak naturally, build confidence, and enjoy the learning process. These are one-off events and short courses that focus on real conversation, practical language, and topics people actually care about&hellip;","protected":false},"author":1,"featured_media":0,"parent":0,"menu_order":0,"comment_status":"closed","ping_status":"closed","template":"","meta":{"inline_featured_image":false,"footnotes":""},"class_list":["post-4789","page","type-page","status-publish","hentry"],"acf":[],"yoast_head":"<!-- This site is optimized with the Yoast SEO plugin v26.7 - https:\/\/yoast.com\/wordpress\/plugins\/seo\/ -->\n<title>Workshops and Events &#8212; Dr. Watson&#039;s English Consultancy<\/title>\n<meta name=\"robots\" content=\"index, follow, max-snippet:-1, max-image-preview:large, max-video-preview:-1\" \/>\n<link rel=\"canonical\" href=\"https:\/\/doctorwatsonsenglish.com\/es\/workshops-and-events\/\" \/>\n<meta property=\"og:locale\" content=\"es_ES\" \/>\n<meta property=\"og:type\" content=\"article\" \/>\n<meta property=\"og:title\" content=\"Workshops and Events &#8212; Dr. Watson&#039;s English Consultancy\" \/>\n<meta property=\"og:url\" content=\"https:\/\/doctorwatsonsenglish.com\/es\/workshops-and-events\/\" \/>\n<meta property=\"og:site_name\" content=\"Dr. Watson&#039;s English Consultancy\" \/>\n<meta property=\"article:modified_time\" content=\"2026-02-14T10:52:53+00:00\" \/>\n<meta name=\"twitter:card\" content=\"summary_large_image\" \/>\n<meta name=\"twitter:label1\" content=\"Tiempo de lectura\" \/>\n\t<meta name=\"twitter:data1\" content=\"2 minutos\" \/>\n<script type=\"application\/ld+json\" class=\"yoast-schema-graph\">{\"@context\":\"https:\/\/schema.org\",\"@graph\":[{\"@type\":\"WebPage\",\"@id\":\"https:\/\/doctorwatsonsenglish.com\/workshops-and-events\/\",\"url\":\"https:\/\/doctorwatsonsenglish.com\/workshops-and-events\/\",\"name\":\"Workshops and Events &#8212; Dr. Watson&#039;s English Consultancy\",\"isPartOf\":{\"@id\":\"https:\/\/doctorwatsonsenglish.com\/#website\"},\"datePublished\":\"2026-01-19T15:27:35+00:00\",\"dateModified\":\"2026-02-14T10:52:53+00:00\",\"breadcrumb\":{\"@id\":\"https:\/\/doctorwatsonsenglish.com\/workshops-and-events\/#breadcrumb\"},\"inLanguage\":\"es\",\"potentialAction\":[{\"@type\":\"ReadAction\",\"target\":[\"https:\/\/doctorwatsonsenglish.com\/workshops-and-events\/\"]}]},{\"@type\":\"BreadcrumbList\",\"@id\":\"https:\/\/doctorwatsonsenglish.com\/workshops-and-events\/#breadcrumb\",\"itemListElement\":[{\"@type\":\"ListItem\",\"position\":1,\"name\":\"Home\",\"item\":\"https:\/\/doctorwatsonsenglish.com\/en\/\"},{\"@type\":\"ListItem\",\"position\":2,\"name\":\"Workshops and Events\"}]},{\"@type\":\"WebSite\",\"@id\":\"https:\/\/doctorwatsonsenglish.com\/#website\",\"url\":\"https:\/\/doctorwatsonsenglish.com\/\",\"name\":\"Dr. Watson&#039;s English Consultancy\",\"description\":\"Online Business English Classes\",\"potentialAction\":[{\"@type\":\"SearchAction\",\"target\":{\"@type\":\"EntryPoint\",\"urlTemplate\":\"https:\/\/doctorwatsonsenglish.com\/?s={search_term_string}\"},\"query-input\":{\"@type\":\"PropertyValueSpecification\",\"valueRequired\":true,\"valueName\":\"search_term_string\"}}],\"inLanguage\":\"es\"}]}<\/script>\n<!-- \/ Yoast SEO plugin. -->","yoast_head_json":{"title":"Workshops and Events &#8212; Dr. Watson&#039;s English Consultancy","robots":{"index":"index","follow":"follow","max-snippet":"max-snippet:-1","max-image-preview":"max-image-preview:large","max-video-preview":"max-video-preview:-1"},"canonical":"https:\/\/doctorwatsonsenglish.com\/es\/workshops-and-events\/","og_locale":"es_ES","og_type":"article","og_title":"Workshops and Events &#8212; Dr. Watson&#039;s English Consultancy","og_url":"https:\/\/doctorwatsonsenglish.com\/es\/workshops-and-events\/","og_site_name":"Dr. Watson&#039;s English Consultancy","article_modified_time":"2026-02-14T10:52:53+00:00","twitter_card":"summary_large_image","twitter_misc":{"Tiempo de lectura":"2 minutos"},"schema":{"@context":"https:\/\/schema.org","@graph":[{"@type":"WebPage","@id":"https:\/\/doctorwatsonsenglish.com\/workshops-and-events\/","url":"https:\/\/doctorwatsonsenglish.com\/workshops-and-events\/","name":"Workshops and Events &#8212; Dr. Watson&#039;s English Consultancy","isPartOf":{"@id":"https:\/\/doctorwatsonsenglish.com\/#website"},"datePublished":"2026-01-19T15:27:35+00:00","dateModified":"2026-02-14T10:52:53+00:00","breadcrumb":{"@id":"https:\/\/doctorwatsonsenglish.com\/workshops-and-events\/#breadcrumb"},"inLanguage":"es","potentialAction":[{"@type":"ReadAction","target":["https:\/\/doctorwatsonsenglish.com\/workshops-and-events\/"]}]},{"@type":"BreadcrumbList","@id":"https:\/\/doctorwatsonsenglish.com\/workshops-and-events\/#breadcrumb","itemListElement":[{"@type":"ListItem","position":1,"name":"Home","item":"https:\/\/doctorwatsonsenglish.com\/en\/"},{"@type":"ListItem","position":2,"name":"Workshops and Events"}]},{"@type":"WebSite","@id":"https:\/\/doctorwatsonsenglish.com\/#website","url":"https:\/\/doctorwatsonsenglish.com\/","name":"Dr. Watson&#039;s English Consultancy","description":"Online Business English Classes","potentialAction":[{"@type":"SearchAction","target":{"@type":"EntryPoint","urlTemplate":"https:\/\/doctorwatsonsenglish.com\/?s={search_term_string}"},"query-input":{"@type":"PropertyValueSpecification","valueRequired":true,"valueName":"search_term_string"}}],"inLanguage":"es"}]}},"jetpack_sharing_enabled":true,"_links":{"self":[{"href":"https:\/\/doctorwatsonsenglish.com\/es\/wp-json\/wp\/v2\/pages\/4789","targetHints":{"allow":["GET"]}}],"collection":[{"href":"https:\/\/doctorwatsonsenglish.com\/es\/wp-json\/wp\/v2\/pages"}],"about":[{"href":"https:\/\/doctorwatsonsenglish.com\/es\/wp-json\/wp\/v2\/types\/page"}],"author":[{"embeddable":true,"href":"https:\/\/doctorwatsonsenglish.com\/es\/wp-json\/wp\/v2\/users\/1"}],"replies":[{"embeddable":true,"href":"https:\/\/doctorwatsonsenglish.com\/es\/wp-json\/wp\/v2\/comments?post=4789"}],"version-history":[{"count":32,"href":"https:\/\/doctorwatsonsenglish.com\/es\/wp-json\/wp\/v2\/pages\/4789\/revisions"}],"predecessor-version":[{"id":4878,"href":"https:\/\/doctorwatsonsenglish.com\/es\/wp-json\/wp\/v2\/pages\/4789\/revisions\/4878"}],"wp:attachment":[{"href":"https:\/\/doctorwatsonsenglish.com\/es\/wp-json\/wp\/v2\/media?parent=4789"}],"curies":[{"name":"wp","href":"https:\/\/api.w.org\/{rel}","templated":true}]}}